{"id":42,"date":"2023-07-09T09:59:31","date_gmt":"2023-07-09T09:59:31","guid":{"rendered":"https:\/\/unclejackschili.dk\/wordpress\/?post_type=product&#038;p=42"},"modified":"2024-06-13T07:25:43","modified_gmt":"2024-06-13T07:25:43","slug":"ekstra-spicy-chili-sauce","status":"publish","type":"product","link":"https:\/\/unclejackschili.dk\/?product=ekstra-spicy-chili-sauce","title":{"rendered":"Ekstra Spicy Chili Sauce"},"content":{"rendered":"<p><img fetchpriority=\"high\" decoding=\"async\" class=\"alignnone size-medium wp-image-44\" src=\"https:\/\/unclejackschili.dk\/wp-content\/uploads\/2023\/07\/ekstra-spicy-logo-300x300.jpg\" alt=\"\" width=\"300\" height=\"300\" srcset=\"https:\/\/unclejackschili.dk\/wp-content\/uploads\/2023\/07\/ekstra-spicy-logo-300x300.jpg 300w, https:\/\/unclejackschili.dk\/wp-content\/uploads\/2023\/07\/ekstra-spicy-logo-100x100.jpg 100w, https:\/\/unclejackschili.dk\/wp-content\/uploads\/2023\/07\/ekstra-spicy-logo-150x150.jpg 150w, https:\/\/unclejackschili.dk\/wp-content\/uploads\/2023\/07\/ekstra-spicy-logo.jpg 500w\" sizes=\"(max-width: 300px) 100vw, 300px\" \/><\/p>\n<p>Kan du heller ikke f\u00e5 det st\u00e6rkt nok? Vi pr\u00e6senterer en af verdens st\u00e6rkeste chilier, p\u00e5 flakse, til dem som t\u00f8r.<br \/>\nSaucen er lavet enkelt, med tanke p\u00e5 holdbarhed, uden tils\u00e6tningsstoffer, s\u00e5 \u00f8kologisk som muligt og med friske l\u00e6kre chilier.<br \/>\nKan bruges i madretter, hvis man \u00f8nsker det lidt st\u00e6rkere eller bare som en udfordring mellem venner<br \/>\nH\u00e5ndlavet og produceret i Danmark \u2013 Haslev.<\/p>\n<p>Ingredienser:<br \/>\nCarolina Reaper (69%), \u00d8kologisk Lagereddike, \u00d8kologisk \u00c6bleeddike, \u00d8kologiske L\u00f8g, \u00d8kologisk R\u00f8rsukker, \u00d8kologisk Rapsolie, \u00d8kologisk Nellike, Salt.<\/p>\n<p>100ml<\/p>\n","protected":false},"excerpt":{"rendered":"<p>Kan du heller ikke f\u00e5 det st\u00e6rkt nok? Vi pr\u00e6senterer en af verdens st\u00e6rkeste chilier, p\u00e5 flakse, til dem som t\u00f8r. Saucen er lavet enkelt, med tanke p\u00e5 holdbarhed, uden tils\u00e6tningsstoffer, s\u00e5 \u00f8kologisk som muligt og med friske l\u00e6kre chilier. Kan bruges i madretter, hvis man \u00f8nsker det lidt st\u00e6rkere eller bare som en udfordring&hellip;<\/p>\n","protected":false},"featured_media":43,"comment_status":"open","ping_status":"closed","template":"","meta":[],"product_brand":[],"product_cat":[16],"product_tag":[],"class_list":{"0":"post-42","1":"product","2":"type-product","3":"status-publish","4":"has-post-thumbnail","6":"product_cat-chili-sauce","8":"first","9":"onbackorder","10":"sold-individually","11":"shipping-taxable","12":"purchasable","13":"product-type-simple"},"jetpack_sharing_enabled":true,"_links":{"self":[{"href":"https:\/\/unclejackschili.dk\/index.php?rest_route=\/wp\/v2\/product\/42","targetHints":{"allow":["GET"]}}],"collection":[{"href":"https:\/\/unclejackschili.dk\/index.php?rest_route=\/wp\/v2\/product"}],"about":[{"href":"https:\/\/unclejackschili.dk\/index.php?rest_route=\/wp\/v2\/types\/product"}],"replies":[{"embeddable":true,"href":"https:\/\/unclejackschili.dk\/index.php?rest_route=%2Fwp%2Fv2%2Fcomments&post=42"}],"version-history":[{"count":2,"href":"https:\/\/unclejackschili.dk\/index.php?rest_route=\/wp\/v2\/product\/42\/revisions"}],"predecessor-version":[{"id":139,"href":"https:\/\/unclejackschili.dk\/index.php?rest_route=\/wp\/v2\/product\/42\/revisions\/139"}],"wp:featuredmedia":[{"embeddable":true,"href":"https:\/\/unclejackschili.dk\/index.php?rest_route=\/wp\/v2\/media\/43"}],"wp:attachment":[{"href":"https:\/\/unclejackschili.dk\/index.php?rest_route=%2Fwp%2Fv2%2Fmedia&parent=42"}],"wp:term":[{"taxonomy":"product_brand","embeddable":true,"href":"https:\/\/unclejackschili.dk\/index.php?rest_route=%2Fwp%2Fv2%2Fproduct_brand&post=42"},{"taxonomy":"product_cat","embeddable":true,"href":"https:\/\/unclejackschili.dk\/index.php?rest_route=%2Fwp%2Fv2%2Fproduct_cat&post=42"},{"taxonomy":"product_tag","embeddable":true,"href":"https:\/\/unclejackschili.dk\/index.php?rest_route=%2Fwp%2Fv2%2Fproduct_tag&post=42"}],"curies":[{"name":"wp","href":"https:\/\/api.w.org\/{rel}","templated":true}]}}