{"id":45,"date":"2023-07-09T10:01:08","date_gmt":"2023-07-09T10:01:08","guid":{"rendered":"https:\/\/unclejackschili.dk\/wordpress\/?post_type=product&#038;p=45"},"modified":"2024-04-09T13:57:28","modified_gmt":"2024-04-09T13:57:28","slug":"medium-spicy-chili-sauce","status":"publish","type":"product","link":"https:\/\/unclejackschili.dk\/?product=medium-spicy-chili-sauce","title":{"rendered":"Medium Spicy Chili Sauce"},"content":{"rendered":"<p><img fetchpriority=\"high\" decoding=\"async\" class=\"alignnone size-medium wp-image-46\" src=\"https:\/\/unclejackschili.dk\/wp-content\/uploads\/2023\/07\/Medium-spicy-logo-300x300.jpg\" alt=\"\" width=\"300\" height=\"300\" srcset=\"https:\/\/unclejackschili.dk\/wp-content\/uploads\/2023\/07\/Medium-spicy-logo-300x300.jpg 300w, https:\/\/unclejackschili.dk\/wp-content\/uploads\/2023\/07\/Medium-spicy-logo-100x100.jpg 100w, https:\/\/unclejackschili.dk\/wp-content\/uploads\/2023\/07\/Medium-spicy-logo-150x150.jpg 150w, https:\/\/unclejackschili.dk\/wp-content\/uploads\/2023\/07\/Medium-spicy-logo.jpg 500w\" sizes=\"(max-width: 300px) 100vw, 300px\" \/><\/p>\n<p>Til dem som kan lide maden behagelig st\u00e6rk. Vi har her tilf\u00f8jet citronsaft, for at f\u00e5 den dejlige friskhed i saucen.<br \/>\nSaucen er lavet enkelt, med tanke p\u00e5 holdbarhed, uden tils\u00e6tningsstoffer, s\u00e5 \u00f8kologisk som muligt og med friske l\u00e6kre chilier.<br \/>\nKan bruges i alle madretter, hvis man \u00f8nsker at krydre sin mad op.<br \/>\nH\u00e5ndlavet og produceret i Danmark \u2013 Haslev<\/p>\n<p>Ingredienser:<br \/>\nCayenne Pepper(64%), \u00d8kologisk citronsaft, \u00d8kologisk Lagereddike, \u00d8kologisk \u00c6bleeddike, \u00d8kologiske L\u00f8g, \u00d8kologisk R\u00f8rsukker, \u00d8kologisk Rapsolie, Salt.<\/p>\n<p>100ml<\/p>\n","protected":false},"excerpt":{"rendered":"<p>Til dem som kan lide maden behagelig st\u00e6rk. Vi har her tilf\u00f8jet citronsaft, for at f\u00e5 den dejlige friskhed i saucen. Saucen er lavet enkelt, med tanke p\u00e5 holdbarhed, uden tils\u00e6tningsstoffer, s\u00e5 \u00f8kologisk som muligt og med friske l\u00e6kre chilier. Kan bruges i alle madretter, hvis man \u00f8nsker at krydre sin mad op. H\u00e5ndlavet og&hellip;<\/p>\n","protected":false},"featured_media":14,"comment_status":"open","ping_status":"closed","template":"","meta":[],"product_brand":[],"product_cat":[16],"product_tag":[],"class_list":{"0":"post-45","1":"product","2":"type-product","3":"status-publish","4":"has-post-thumbnail","6":"product_cat-chili-sauce","8":"first","9":"onbackorder","10":"sold-individually","11":"shipping-taxable","12":"purchasable","13":"product-type-simple"},"jetpack_sharing_enabled":true,"_links":{"self":[{"href":"https:\/\/unclejackschili.dk\/index.php?rest_route=\/wp\/v2\/product\/45","targetHints":{"allow":["GET"]}}],"collection":[{"href":"https:\/\/unclejackschili.dk\/index.php?rest_route=\/wp\/v2\/product"}],"about":[{"href":"https:\/\/unclejackschili.dk\/index.php?rest_route=\/wp\/v2\/types\/product"}],"replies":[{"embeddable":true,"href":"https:\/\/unclejackschili.dk\/index.php?rest_route=%2Fwp%2Fv2%2Fcomments&post=45"}],"version-history":[{"count":3,"href":"https:\/\/unclejackschili.dk\/index.php?rest_route=\/wp\/v2\/product\/45\/revisions"}],"predecessor-version":[{"id":138,"href":"https:\/\/unclejackschili.dk\/index.php?rest_route=\/wp\/v2\/product\/45\/revisions\/138"}],"wp:featuredmedia":[{"embeddable":true,"href":"https:\/\/unclejackschili.dk\/index.php?rest_route=\/wp\/v2\/media\/14"}],"wp:attachment":[{"href":"https:\/\/unclejackschili.dk\/index.php?rest_route=%2Fwp%2Fv2%2Fmedia&parent=45"}],"wp:term":[{"taxonomy":"product_brand","embeddable":true,"href":"https:\/\/unclejackschili.dk\/index.php?rest_route=%2Fwp%2Fv2%2Fproduct_brand&post=45"},{"taxonomy":"product_cat","embeddable":true,"href":"https:\/\/unclejackschili.dk\/index.php?rest_route=%2Fwp%2Fv2%2Fproduct_cat&post=45"},{"taxonomy":"product_tag","embeddable":true,"href":"https:\/\/unclejackschili.dk\/index.php?rest_route=%2Fwp%2Fv2%2Fproduct_tag&post=45"}],"curies":[{"name":"wp","href":"https:\/\/api.w.org\/{rel}","templated":true}]}}